{"id":67,"date":"2019-11-09T15:02:53","date_gmt":"2019-11-09T15:02:53","guid":{"rendered":"http:\/\/87.106.34.54\/koehl1\/?page_id=67"},"modified":"2020-09-10T15:27:19","modified_gmt":"2020-09-10T15:27:19","slug":"uber-uns","status":"publish","type":"page","link":"https:\/\/www.koehl-harvest.de\/index.php\/uber-uns\/","title":{"rendered":"\u00dcber uns"},"content":{"rendered":"<p>Durch den Ursprung der Sch\u00e4ferei, die \u00fcber mehrere Generationen hinweg besteht, hat sich unser Aufgabengebiet wesentlich erweitert. Nach und nach sind wir in kommunale, sowie in Landwirtschaftliche Lohnarbeiten eingestiegen.<\/p>\n<p>Der Hauptsitz unseres Unternehmens liegt seit 1993 am Gra\u00dfahof bei Neumarkt i. d. Opf. Das landwirtschaftliche Lohnunternehmen wird seit 2013 als eigenst\u00e4ndiger Betrieb gef\u00fchrt.<\/p>\n<p>Weiterhin gr\u00fcndeten wir zus\u00e4tzlich eine Spedition (K\u00f6hl Logistik GmbH), welche europaweit agiert.<\/p>\n<p>Bei Bedaf werden die LKW&#8217;s aber auch zur Silagebergung oder G\u00fclletransport im l\u00e4ndlichen Raum eingesetzt.<\/p>\n","protected":false},"excerpt":{"rendered":"<p>Durch den Ursprung der Sch\u00e4ferei, die \u00fcber mehrere Generationen hinweg besteht, hat sich unser Aufgabengebiet wesentlich erweitert. Nach und nach sind wir in kommunale, sowie in Landwirtschaftliche Lohnarbeiten eingestiegen. Der Hauptsitz unseres Unternehmens liegt seit 1993 am Gra\u00dfahof bei Neumarkt i. d. Opf. Das landwirtschaftliche Lohnunternehmen wird seit 2013 als eigenst\u00e4ndiger Betrieb gef\u00fchrt. Weiterhin gr\u00fcndeten [&hellip;]<\/p>\n","protected":false},"author":1,"featured_media":0,"parent":0,"menu_order":0,"comment_status":"closed","ping_status":"closed","template":"","meta":[],"_links":{"self":[{"href":"https:\/\/www.koehl-harvest.de\/index.php\/wp-json\/wp\/v2\/pages\/67"}],"collection":[{"href":"https:\/\/www.koehl-harvest.de\/index.php\/wp-json\/wp\/v2\/pages"}],"about":[{"href":"https:\/\/www.koehl-harvest.de\/index.php\/wp-json\/wp\/v2\/types\/page"}],"author":[{"embeddable":true,"href":"https:\/\/www.koehl-harvest.de\/index.php\/wp-json\/wp\/v2\/users\/1"}],"replies":[{"embeddable":true,"href":"https:\/\/www.koehl-harvest.de\/index.php\/wp-json\/wp\/v2\/comments?post=67"}],"version-history":[{"count":7,"href":"https:\/\/www.koehl-harvest.de\/index.php\/wp-json\/wp\/v2\/pages\/67\/revisions"}],"predecessor-version":[{"id":179,"href":"https:\/\/www.koehl-harvest.de\/index.php\/wp-json\/wp\/v2\/pages\/67\/revisions\/179"}],"wp:attachment":[{"href":"https:\/\/www.koehl-harvest.de\/index.php\/wp-json\/wp\/v2\/media?parent=67"}],"curies":[{"name":"wp","href":"https:\/\/api.w.org\/{rel}","templated":true}]}}