{"id":28,"date":"2018-03-03T13:28:57","date_gmt":"2018-03-03T13:28:57","guid":{"rendered":"http:\/\/87.106.34.54\/koehl1\/?page_id=28"},"modified":"2020-09-12T07:45:05","modified_gmt":"2020-09-12T07:45:05","slug":"startseite","status":"publish","type":"page","link":"https:\/\/www.koehl-harvest.de\/","title":{"rendered":"Startseite"},"content":{"rendered":"<h3>ENTSPANN DICH &#8211; K\u00d6HL KOMMT!<\/h3>\n<p>Ihr Lohnunternehmen aus dem Herzen der Oberpfalz welches alle Arbeiten rund um die Landwirtschaft und Transport zuverl\u00e4ssig und kompetent erledigt. Unser familiengef\u00fchrtes Unternehmen zeichnet sich durch unser motiviertes Team sowie dem hochmodernen und schlagkr\u00e4ftigen Fuhrpark aus.<\/p>\n<p>Wir freuen uns auf Ihre Anfrage und stehen Ihne jederzeit gerne zur Seite!<\/p>\n<p>Sie finden uns hier:<\/p>\n\n<div id=\"wpgmza_map\" data-settings='{\"id\":\"1\",\"map_title\":\"Meine erste Karte\",\"map_width\":\"100\",\"map_height\":\"400\",\"map_start_lat\":\"49.249685\",\"map_start_lng\":\"11.497622\",\"map_start_location\":\"49.24968525691139,11.497622185791009\",\"map_start_zoom\":\"15\",\"default_marker\":\"0\",\"type\":\"1\",\"alignment\":\"4\",\"directions_enabled\":\"1\",\"styling_enabled\":\"0\",\"styling_json\":\"\",\"active\":\"0\",\"kml\":\"\",\"bicycle\":\"2\",\"traffic\":\"2\",\"dbox\":\"1\",\"dbox_width\":\"100\",\"listmarkers\":\"0\",\"listmarkers_advanced\":\"0\",\"filterbycat\":\"0\",\"ugm_enabled\":\"0\",\"ugm_category_enabled\":\"0\",\"fusion\":\"\",\"map_width_type\":\"\\\\%\",\"map_height_type\":\"px\",\"mass_marker_support\":\"1\",\"ugm_access\":\"0\",\"order_markers_by\":\"1\",\"order_markers_choice\":\"2\",\"show_user_location\":\"0\",\"default_to\":\"\",\"other_settings\":{\"store_locator_enabled\":2,\"store_locator_distance\":2,\"store_locator_default_radius\":10,\"store_locator_not_found_message\":\"No results found in this location. Please try again.\",\"store_locator_bounce\":1,\"store_locator_query_string\":\"ZIP \\\/ Address:\",\"store_locator_default_address\":\"\",\"wpgmza_store_locator_restrict\":\"\",\"wpgmza_store_locator_radius_style\":\"modern\",\"map_max_zoom\":\"1\",\"transport_layer\":2,\"wpgmza_show_points_of_interest\":0,\"wpgmza_auto_night\":0}}' data-shortcode-attributes='{\"id\":\"1\"}' style=\"display:block; overflow:auto; width:100%; height:400px; \"><\/div>","protected":false},"excerpt":{"rendered":"<p>ENTSPANN DICH &#8211; K\u00d6HL KOMMT! Ihr Lohnunternehmen aus dem Herzen der Oberpfalz welches alle Arbeiten rund um die Landwirtschaft und Transport zuverl\u00e4ssig und kompetent erledigt. Unser familiengef\u00fchrtes Unternehmen zeichnet sich durch unser motiviertes Team sowie dem hochmodernen und schlagkr\u00e4ftigen Fuhrpark aus. Wir freuen uns auf Ihre Anfrage und stehen Ihne jederzeit gerne zur Seite! Sie [&hellip;]<\/p>\n","protected":false},"author":1,"featured_media":0,"parent":0,"menu_order":0,"comment_status":"closed","ping_status":"closed","template":"","meta":[],"_links":{"self":[{"href":"https:\/\/www.koehl-harvest.de\/index.php\/wp-json\/wp\/v2\/pages\/28"}],"collection":[{"href":"https:\/\/www.koehl-harvest.de\/index.php\/wp-json\/wp\/v2\/pages"}],"about":[{"href":"https:\/\/www.koehl-harvest.de\/index.php\/wp-json\/wp\/v2\/types\/page"}],"author":[{"embeddable":true,"href":"https:\/\/www.koehl-harvest.de\/index.php\/wp-json\/wp\/v2\/users\/1"}],"replies":[{"embeddable":true,"href":"https:\/\/www.koehl-harvest.de\/index.php\/wp-json\/wp\/v2\/comments?post=28"}],"version-history":[{"count":20,"href":"https:\/\/www.koehl-harvest.de\/index.php\/wp-json\/wp\/v2\/pages\/28\/revisions"}],"predecessor-version":[{"id":225,"href":"https:\/\/www.koehl-harvest.de\/index.php\/wp-json\/wp\/v2\/pages\/28\/revisions\/225"}],"wp:attachment":[{"href":"https:\/\/www.koehl-harvest.de\/index.php\/wp-json\/wp\/v2\/media?parent=28"}],"curies":[{"name":"wp","href":"https:\/\/api.w.org\/{rel}","templated":true}]}}